{"id":25,"date":"2022-06-01T01:04:56","date_gmt":"2022-05-31T23:04:56","guid":{"rendered":"https:\/\/printcentar.ba\/novo\/?page_id=25"},"modified":"2024-05-13T01:09:59","modified_gmt":"2024-05-12T23:09:59","slug":"kontakt","status":"publish","type":"page","link":"https:\/\/printcentar.ba\/novo\/kontakt\/","title":{"rendered":"Kontakt"},"content":{"rendered":"\t\t<div data-elementor-type=\"wp-page\" data-elementor-id=\"25\" class=\"elementor elementor-25\">\n\t\t\t\t\t\t\t\t\t<section class=\"elementor-section elementor-top-section elementor-element elementor-element-6b1654e elementor-section-boxed elementor-section-height-default elementor-section-height-default\" data-id=\"6b1654e\" data-element_type=\"section\">\n\t\t\t\t\t\t<div class=\"elementor-container elementor-column-gap-default\">\n\t\t\t\t\t<div class=\"elementor-column elementor-col-100 elementor-top-column elementor-element elementor-element-f5c2b2c\" data-id=\"f5c2b2c\" data-element_type=\"column\">\n\t\t\t<div class=\"elementor-widget-wrap elementor-element-populated\">\n\t\t\t\t\t\t\t\t<div class=\"elementor-element elementor-element-6d17d9e elementor-widget elementor-widget-heading\" data-id=\"6d17d9e\" data-element_type=\"widget\" data-widget_type=\"heading.default\">\n\t\t\t\t<div class=\"elementor-widget-container\">\n\t\t\t<style>\/*! elementor - v3.6.5 - 27-04-2022 *\/\n.elementor-heading-title{padding:0;margin:0;line-height:1}.elementor-widget-heading .elementor-heading-title[class*=elementor-size-]>a{color:inherit;font-size:inherit;line-height:inherit}.elementor-widget-heading .elementor-heading-title.elementor-size-small{font-size:15px}.elementor-widget-heading .elementor-heading-title.elementor-size-medium{font-size:19px}.elementor-widget-heading .elementor-heading-title.elementor-size-large{font-size:29px}.elementor-widget-heading .elementor-heading-title.elementor-size-xl{font-size:39px}.elementor-widget-heading .elementor-heading-title.elementor-size-xxl{font-size:59px}<\/style><h2 class=\"elementor-heading-title elementor-size-default\">PRINT CENTAR<\/h2>\t\t<\/div>\n\t\t\t\t<\/div>\n\t\t\t\t<div class=\"elementor-element elementor-element-96d7921 elementor-widget elementor-widget-heading\" data-id=\"96d7921\" data-element_type=\"widget\" data-widget_type=\"heading.default\">\n\t\t\t\t<div class=\"elementor-widget-container\">\n\t\t\t<h1 class=\"elementor-heading-title elementor-size-default\">Gdje se nalazimo<\/h1>\t\t<\/div>\n\t\t\t\t<\/div>\n\t\t\t\t<div class=\"elementor-element elementor-element-eaa58e2 elementor-widget elementor-widget-heading\" data-id=\"eaa58e2\" data-element_type=\"widget\" data-widget_type=\"heading.default\">\n\t\t\t\t<div class=\"elementor-widget-container\">\n\t\t\t<p class=\"elementor-heading-title elementor-size-default\">Imate zahtjev za \u0161tampom po Va\u0161oj mjeri. Pi\u0161ite nam Va\u0161e zahtjeve i upute kako bismo Vam kreirali ponudu po Va\u0161oj mjeri.<\/p>\t\t<\/div>\n\t\t\t\t<\/div>\n\t\t\t\t\t<\/div>\n\t\t<\/div>\n\t\t\t\t\t\t\t<\/div>\n\t\t<\/section>\n\t\t\t\t<section class=\"elementor-section elementor-top-section elementor-element elementor-element-db7fa26 elementor-section-boxed elementor-section-height-default elementor-section-height-default\" data-id=\"db7fa26\" data-element_type=\"section\">\n\t\t\t\t\t\t<div class=\"elementor-container elementor-column-gap-default\">\n\t\t\t\t\t<div class=\"elementor-column elementor-col-50 elementor-top-column elementor-element elementor-element-26bb772\" data-id=\"26bb772\" data-element_type=\"column\">\n\t\t\t<div class=\"elementor-widget-wrap elementor-element-populated\">\n\t\t\t\t\t\t\t\t<div class=\"elementor-element elementor-element-c95d211 elementor-widget elementor-widget-heading\" data-id=\"c95d211\" data-element_type=\"widget\" data-widget_type=\"heading.default\">\n\t\t\t\t<div class=\"elementor-widget-container\">\n\t\t\t<p class=\"elementor-heading-title elementor-size-default\"><div style=\"\n-webkit-filter: grayscale(100%);\nfilter: grayscale(100%);\"><iframe src=\"https:\/\/www.google.com\/maps\/embed?pb=!1m14!1m8!1m3!1d11511.87391977148!2d18.3324607!3d43.8357515!3m2!1i1024!2i768!4f13.1!3m3!1m2!1s0x4758c919731aaaad%3A0xf6252414593af91d!2sPrintCentar!5e0!3m2!1sen!2sba!4v1715555348904!5m2!1sen!2sba\" width=\"600\" height=\"450\" style=\"border:0;\" allowfullscreen=\"\" loading=\"lazy\" referrerpolicy=\"no-referrer-when-downgrade\"><\/iframe><\/div><\/p>\t\t<\/div>\n\t\t\t\t<\/div>\n\t\t\t\t\t<\/div>\n\t\t<\/div>\n\t\t\t\t<div class=\"elementor-column elementor-col-50 elementor-top-column elementor-element elementor-element-02ebc9e\" data-id=\"02ebc9e\" data-element_type=\"column\">\n\t\t\t<div class=\"elementor-widget-wrap elementor-element-populated\">\n\t\t\t\t\t\t\t\t<div class=\"elementor-element elementor-element-c946cfa elementor-widget elementor-widget-heading\" data-id=\"c946cfa\" data-element_type=\"widget\" data-widget_type=\"heading.default\">\n\t\t\t\t<div class=\"elementor-widget-container\">\n\t\t\t<h2 class=\"elementor-heading-title elementor-size-default\">Lokacija i kontakt<\/h2>\t\t<\/div>\n\t\t\t\t<\/div>\n\t\t\t\t<div class=\"elementor-element elementor-element-3931262 elementor-widget elementor-widget-heading\" data-id=\"3931262\" data-element_type=\"widget\" data-widget_type=\"heading.default\">\n\t\t\t\t<div class=\"elementor-widget-container\">\n\t\t\t<p class=\"elementor-heading-title elementor-size-default\">Aleja Bosne Srebrene 63b<\/p>\t\t<\/div>\n\t\t\t\t<\/div>\n\t\t\t\t<div class=\"elementor-element elementor-element-1858785 elementor-widget elementor-widget-heading\" data-id=\"1858785\" data-element_type=\"widget\" data-widget_type=\"heading.default\">\n\t\t\t\t<div class=\"elementor-widget-container\">\n\t\t\t<p class=\"elementor-heading-title elementor-size-default\"><a href=\"tel:%20+387%2061%20287%20187\">Telefon: +387 61 287 187<\/a><\/p>\t\t<\/div>\n\t\t\t\t<\/div>\n\t\t\t\t<div class=\"elementor-element elementor-element-29eed74 elementor-widget elementor-widget-heading\" data-id=\"29eed74\" data-element_type=\"widget\" data-widget_type=\"heading.default\">\n\t\t\t\t<div class=\"elementor-widget-container\">\n\t\t\t<p class=\"elementor-heading-title elementor-size-default\"><a href=\"mailto:%20kopirnica@printcentar.ba\">E-mail: kopirnica@printcentar.ba<\/a><\/p>\t\t<\/div>\n\t\t\t\t<\/div>\n\t\t\t\t<div class=\"elementor-element elementor-element-cf4ce13 elementor-widget elementor-widget-heading\" data-id=\"cf4ce13\" data-element_type=\"widget\" data-widget_type=\"heading.default\">\n\t\t\t\t<div class=\"elementor-widget-container\">\n\t\t\t<h2 class=\"elementor-heading-title elementor-size-default\">Radno vrijeme<\/h2>\t\t<\/div>\n\t\t\t\t<\/div>\n\t\t\t\t<div class=\"elementor-element elementor-element-61b17fd elementor-widget elementor-widget-heading\" data-id=\"61b17fd\" data-element_type=\"widget\" data-widget_type=\"heading.default\">\n\t\t\t\t<div class=\"elementor-widget-container\">\n\t\t\t<p class=\"elementor-heading-title elementor-size-default\">Ponedeljak - Petak: 08:00 - 16:00<\/p>\t\t<\/div>\n\t\t\t\t<\/div>\n\t\t\t\t<div class=\"elementor-element elementor-element-1452a45 elementor-widget elementor-widget-heading\" data-id=\"1452a45\" data-element_type=\"widget\" data-widget_type=\"heading.default\">\n\t\t\t\t<div class=\"elementor-widget-container\">\n\t\t\t<p class=\"elementor-heading-title elementor-size-default\">Online fotokopirnica: 24h<\/p>\t\t<\/div>\n\t\t\t\t<\/div>\n\t\t\t\t\t<\/div>\n\t\t<\/div>\n\t\t\t\t\t\t\t<\/div>\n\t\t<\/section>\n\t\t\t\t\t\t\t<\/div>\n\t\t","protected":false},"excerpt":{"rendered":"<p>PRINT CENTAR Gdje se nalazimo Imate zahtjev za \u0161tampom po Va\u0161oj mjeri. Pi\u0161ite nam Va\u0161e zahtjeve i upute kako bismo Vam kreirali ponudu po Va\u0161oj mjeri. Lokacija i kontakt Aleja Bosne Srebrene 63b Telefon: +387 61 287 187 E-mail: kopirnica@printcentar.ba Radno vrijeme Ponedeljak &#8211; Petak: 08:00 &#8211; 16:00 Online fotokopirnica: 24h<\/p>\n","protected":false},"author":1,"featured_media":0,"parent":0,"menu_order":0,"comment_status":"closed","ping_status":"closed","template":"elementor_header_footer","meta":{"site-sidebar-layout":"no-sidebar","site-content-layout":"page-builder","ast-global-header-display":"","ast-main-header-display":"","ast-hfb-above-header-display":"","ast-hfb-below-header-display":"","ast-hfb-mobile-header-display":"","site-post-title":"disabled","ast-breadcrumbs-content":"","ast-featured-img":"disabled","footer-sml-layout":"","theme-transparent-header-meta":"default","adv-header-id-meta":"","stick-header-meta":"","header-above-stick-meta":"","header-main-stick-meta":"","header-below-stick-meta":"","footnotes":""},"class_list":["post-25","page","type-page","status-publish","hentry"],"yoast_head":"<!-- This site is optimized with the Yoast SEO plugin v19.6.1 - https:\/\/yoast.com\/wordpress\/plugins\/seo\/ -->\n<title>Kontakt | Print Centar<\/title>\n<meta name=\"robots\" content=\"index, follow, max-snippet:-1, max-image-preview:large, max-video-preview:-1\" \/>\n<link rel=\"canonical\" href=\"https:\/\/printcentar.ba\/novo\/kontakt\/\" \/>\n<meta property=\"og:locale\" content=\"en_US\" \/>\n<meta property=\"og:type\" content=\"article\" \/>\n<meta property=\"og:title\" content=\"Kontakt | Print Centar\" \/>\n<meta property=\"og:description\" content=\"PRINT CENTAR Gdje se nalazimo Imate zahtjev za \u0161tampom po Va\u0161oj mjeri. Pi\u0161ite nam Va\u0161e zahtjeve i upute kako bismo Vam kreirali ponudu po Va\u0161oj mjeri. Lokacija i kontakt Aleja Bosne Srebrene 63b Telefon: +387 61 287 187 E-mail: kopirnica@printcentar.ba Radno vrijeme Ponedeljak &#8211; Petak: 08:00 &#8211; 16:00 Online fotokopirnica: 24h\" \/>\n<meta property=\"og:url\" content=\"https:\/\/printcentar.ba\/novo\/kontakt\/\" \/>\n<meta property=\"og:site_name\" content=\"Print Centar\" \/>\n<meta property=\"article:modified_time\" content=\"2024-05-12T23:09:59+00:00\" \/>\n<meta name=\"twitter:card\" content=\"summary_large_image\" \/>\n<script type=\"application\/ld+json\" class=\"yoast-schema-graph\">{\"@context\":\"https:\/\/schema.org\",\"@graph\":[{\"@type\":\"WebPage\",\"@id\":\"https:\/\/printcentar.ba\/novo\/kontakt\/\",\"url\":\"https:\/\/printcentar.ba\/novo\/kontakt\/\",\"name\":\"Kontakt | Print Centar\",\"isPartOf\":{\"@id\":\"https:\/\/printcentar.ba\/novo\/#website\"},\"datePublished\":\"2022-05-31T23:04:56+00:00\",\"dateModified\":\"2024-05-12T23:09:59+00:00\",\"breadcrumb\":{\"@id\":\"https:\/\/printcentar.ba\/novo\/kontakt\/#breadcrumb\"},\"inLanguage\":\"en-US\",\"potentialAction\":[{\"@type\":\"ReadAction\",\"target\":[\"https:\/\/printcentar.ba\/novo\/kontakt\/\"]}]},{\"@type\":\"BreadcrumbList\",\"@id\":\"https:\/\/printcentar.ba\/novo\/kontakt\/#breadcrumb\",\"itemListElement\":[{\"@type\":\"ListItem\",\"position\":1,\"name\":\"Home\",\"item\":\"https:\/\/printcentar.ba\/novo\/\"},{\"@type\":\"ListItem\",\"position\":2,\"name\":\"Kontakt\"}]},{\"@type\":\"WebSite\",\"@id\":\"https:\/\/printcentar.ba\/novo\/#website\",\"url\":\"https:\/\/printcentar.ba\/novo\/\",\"name\":\"Print Centar\",\"description\":\"Najbolja kompirnica u gradu\",\"publisher\":{\"@id\":\"https:\/\/printcentar.ba\/novo\/#organization\"},\"potentialAction\":[{\"@type\":\"SearchAction\",\"target\":{\"@type\":\"EntryPoint\",\"urlTemplate\":\"https:\/\/printcentar.ba\/novo\/?s={search_term_string}\"},\"query-input\":\"required name=search_term_string\"}],\"inLanguage\":\"en-US\"},{\"@type\":\"Organization\",\"@id\":\"https:\/\/printcentar.ba\/novo\/#organization\",\"name\":\"Print Centar\",\"url\":\"https:\/\/printcentar.ba\/novo\/\",\"sameAs\":[],\"logo\":{\"@type\":\"ImageObject\",\"inLanguage\":\"en-US\",\"@id\":\"https:\/\/printcentar.ba\/novo\/#\/schema\/logo\/image\/\",\"url\":\"https:\/\/printcentar.ba\/novo\/wp-content\/uploads\/2022\/06\/logo-print-centar-sarajevo.png\",\"contentUrl\":\"https:\/\/printcentar.ba\/novo\/wp-content\/uploads\/2022\/06\/logo-print-centar-sarajevo.png\",\"width\":500,\"height\":98,\"caption\":\"Print Centar\"},\"image\":{\"@id\":\"https:\/\/printcentar.ba\/novo\/#\/schema\/logo\/image\/\"}}]}<\/script>\n<!-- \/ Yoast SEO plugin. -->","yoast_head_json":{"title":"Kontakt | Print Centar","robots":{"index":"index","follow":"follow","max-snippet":"max-snippet:-1","max-image-preview":"max-image-preview:large","max-video-preview":"max-video-preview:-1"},"canonical":"https:\/\/printcentar.ba\/novo\/kontakt\/","og_locale":"en_US","og_type":"article","og_title":"Kontakt | Print Centar","og_description":"PRINT CENTAR Gdje se nalazimo Imate zahtjev za \u0161tampom po Va\u0161oj mjeri. Pi\u0161ite nam Va\u0161e zahtjeve i upute kako bismo Vam kreirali ponudu po Va\u0161oj mjeri. Lokacija i kontakt Aleja Bosne Srebrene 63b Telefon: +387 61 287 187 E-mail: kopirnica@printcentar.ba Radno vrijeme Ponedeljak &#8211; Petak: 08:00 &#8211; 16:00 Online fotokopirnica: 24h","og_url":"https:\/\/printcentar.ba\/novo\/kontakt\/","og_site_name":"Print Centar","article_modified_time":"2024-05-12T23:09:59+00:00","twitter_card":"summary_large_image","schema":{"@context":"https:\/\/schema.org","@graph":[{"@type":"WebPage","@id":"https:\/\/printcentar.ba\/novo\/kontakt\/","url":"https:\/\/printcentar.ba\/novo\/kontakt\/","name":"Kontakt | Print Centar","isPartOf":{"@id":"https:\/\/printcentar.ba\/novo\/#website"},"datePublished":"2022-05-31T23:04:56+00:00","dateModified":"2024-05-12T23:09:59+00:00","breadcrumb":{"@id":"https:\/\/printcentar.ba\/novo\/kontakt\/#breadcrumb"},"inLanguage":"en-US","potentialAction":[{"@type":"ReadAction","target":["https:\/\/printcentar.ba\/novo\/kontakt\/"]}]},{"@type":"BreadcrumbList","@id":"https:\/\/printcentar.ba\/novo\/kontakt\/#breadcrumb","itemListElement":[{"@type":"ListItem","position":1,"name":"Home","item":"https:\/\/printcentar.ba\/novo\/"},{"@type":"ListItem","position":2,"name":"Kontakt"}]},{"@type":"WebSite","@id":"https:\/\/printcentar.ba\/novo\/#website","url":"https:\/\/printcentar.ba\/novo\/","name":"Print Centar","description":"Najbolja kompirnica u gradu","publisher":{"@id":"https:\/\/printcentar.ba\/novo\/#organization"},"potentialAction":[{"@type":"SearchAction","target":{"@type":"EntryPoint","urlTemplate":"https:\/\/printcentar.ba\/novo\/?s={search_term_string}"},"query-input":"required name=search_term_string"}],"inLanguage":"en-US"},{"@type":"Organization","@id":"https:\/\/printcentar.ba\/novo\/#organization","name":"Print Centar","url":"https:\/\/printcentar.ba\/novo\/","sameAs":[],"logo":{"@type":"ImageObject","inLanguage":"en-US","@id":"https:\/\/printcentar.ba\/novo\/#\/schema\/logo\/image\/","url":"https:\/\/printcentar.ba\/novo\/wp-content\/uploads\/2022\/06\/logo-print-centar-sarajevo.png","contentUrl":"https:\/\/printcentar.ba\/novo\/wp-content\/uploads\/2022\/06\/logo-print-centar-sarajevo.png","width":500,"height":98,"caption":"Print Centar"},"image":{"@id":"https:\/\/printcentar.ba\/novo\/#\/schema\/logo\/image\/"}}]}},"_links":{"self":[{"href":"https:\/\/printcentar.ba\/novo\/wp-json\/wp\/v2\/pages\/25","targetHints":{"allow":["GET"]}}],"collection":[{"href":"https:\/\/printcentar.ba\/novo\/wp-json\/wp\/v2\/pages"}],"about":[{"href":"https:\/\/printcentar.ba\/novo\/wp-json\/wp\/v2\/types\/page"}],"author":[{"embeddable":true,"href":"https:\/\/printcentar.ba\/novo\/wp-json\/wp\/v2\/users\/1"}],"replies":[{"embeddable":true,"href":"https:\/\/printcentar.ba\/novo\/wp-json\/wp\/v2\/comments?post=25"}],"version-history":[{"count":16,"href":"https:\/\/printcentar.ba\/novo\/wp-json\/wp\/v2\/pages\/25\/revisions"}],"predecessor-version":[{"id":327,"href":"https:\/\/printcentar.ba\/novo\/wp-json\/wp\/v2\/pages\/25\/revisions\/327"}],"wp:attachment":[{"href":"https:\/\/printcentar.ba\/novo\/wp-json\/wp\/v2\/media?parent=25"}],"curies":[{"name":"wp","href":"https:\/\/api.w.org\/{rel}","templated":true}]}}